{"id":15,"date":"2021-05-24T12:03:34","date_gmt":"2021-05-24T12:03:34","guid":{"rendered":"https:\/\/simconn.com\/de\/?page_id=15"},"modified":"2024-09-30T12:12:23","modified_gmt":"2024-09-30T12:12:23","slug":"homepage","status":"publish","type":"page","link":"https:\/\/simconn.com\/de\/","title":{"rendered":"Home"},"content":{"rendered":"<div class=\"wpb-content-wrapper\"><p>[vc_row css=&#8220;.vc_custom_1727698321605{margin-top: -40px !important;}&#8220;][vc_column offset=&#8220;vc_hidden-sm vc_hidden-xs&#8220;][vc_raw_html el_class=&#8220;backgroundVideoHome&#8220;]JTNDdmlkZW8lMjBhdXRvcGxheSUyMG11dGVkJTIwbG9vcCUyMGlkJTNEJTIyYmFja2dyb3VuZFZpZGVvJTIyJTNFJTBBJTIwJTIwJTNDc291cmNlJTIwc3JjJTNEJTIyJTJGZGUlMkZ3cC1jb250ZW50JTJGdXBsb2FkcyUyRjIwMjElMkYxMCUyRk5JRU1JRUNLSS5tcDQlMjIlMjB0eXBlJTNEJTIydmlkZW8lMkZtcDQlMjIlM0UlMEElM0MlMkZ2aWRlbyUzRQ==[\/vc_raw_html][\/vc_column][\/vc_row][vc_row][vc_column css=&#8220;.vc_custom_1727698306439{margin-top: 40px !important;}&#8220; offset=&#8220;vc_hidden-lg vc_hidden-md&#8220;][vc_raw_html el_class=&#8220;backgroundVideoHome&#8220;]JTNDdmlkZW8lMjBhdXRvcGxheSUyMG11dGVkJTIwbG9vcCUyMGlkJTNEJTIyYmFja2dyb3VuZFZpZGVvJTIyJTNFJTBBJTIwJTIwJTNDc291cmNlJTIwc3JjJTNEJTIyJTJGZGUlMkZ3cC1jb250ZW50JTJGdXBsb2FkcyUyRjIwMjElMkYxMCUyRk5JRU1JRUNLSS5tcDQlMjIlMjB0eXBlJTNEJTIydmlkZW8lMkZtcDQlMjIlM0UlMEElM0MlMkZ2aWRlbyUzRQ==[\/vc_raw_html][\/vc_column][\/vc_row][vc_row full_height=&#8220;yes&#8220; el_id=&#8220;homeText&#8220; css=&#8220;.vc_custom_1635956200865{margin-right: 70px !important;margin-left: 70px !important;}&#8220;][vc_column][vc_column_text]<\/p>\n<p style=\"text-align: center;\">Das Ingenieurb\u00fcro SIMCONN wurde 2010 gegr\u00fcndet. Dank der jahrelang in der Praxis gesammelten Erfahrung, bietet es eine breite Palette an Planungsdiensten im Bereich der Befestigung schwerer, hintergel\u00fcfteter Fassaden. Wir befassen uns mit der Vorbereitung von Montage- und Bauprojekten sowie Ausf\u00fchrungsplanung f\u00fcr Wandverkleidungen aus Materialien wie beispielsweise Klinkerstein, Naturstein und Beton.<\/p>\n<p>[\/vc_column_text][\/vc_column][\/vc_row][vc_row full_width=&#8220;stretch_row_content_no_spaces&#8220; equal_height=&#8220;yes&#8220; content_placement=&#8220;bottom&#8220; css=&#8220;.vc_custom_1636986515873{margin-bottom: 70px !important;background-image: url(https:\/\/simconn.com\/de\/wp-content\/uploads\/2021\/06\/Simconn_preview3_biw.mp4?id=290) !important;}&#8220; el_id=&#8220;homeBackground&#8220;][vc_column css=&#8220;.vc_custom_1636986524661{margin-bottom: 10px !important;margin-left: 85px !important;}&#8220; offset=&#8220;vc_col-md-7 vc_col-xs-12&#8243; el_class=&#8220;copyright&#8220;][vc_column_text]<span style=\"color: #ffffff;\">Copyright \u00ae 2011 SIMCONN &#8211; All Rights Reserved<\/span>[\/vc_column_text][\/vc_column][vc_column css=&#8220;.vc_custom_1636986530229{margin-right: 85px !important;margin-bottom: 10px !important;padding-top: 0px !important;}&#8220; offset=&#8220;vc_col-md-5 vc_col-xs-12&#8243; el_id=&#8220;regulations&#8220;][vc_column_text]<\/p>\n<p style=\"text-align: right;\"><a href=\"\/de\/wp-content\/uploads\/2021\/11\/Die-Datenschutzerklaerung-und-Cookies-\u2013-simconn.com_.pdf\" target=\"_blank\" rel=\"noopener\"><span class=\"policy\" style=\"color: #ffffff;\">Datenschutzerklaerung und Cookie-Richtlinie<\/span><\/a><\/p>\n<p>[\/vc_column_text][\/vc_column][\/vc_row]<\/p>\n<\/div>","protected":false},"excerpt":{"rendered":"<p>[vc_row css=&#8220;.vc_custom_1727698321605{margin-top: -40px !important;}&#8220;][vc_column offset=&#8220;vc_hidden-sm vc_hidden-xs&#8220;][vc_raw_html el_class=&#8220;backgroundVideoHome&#8220;]JTNDdmlkZW8lMjBhdXRvcGxheSUyMG11dGVkJTIwbG9vcCUyMGlkJTNEJTIyYmFja2dyb3VuZFZpZGVvJTIyJTNFJTBBJTIwJTIwJTNDc291cmNlJTIwc3JjJTNEJTIyJTJGZGUlMkZ3cC1jb250ZW50JTJGdXBsb2FkcyUyRjIwMjElMkYxMCUyRk5JRU1JRUNLSS5tcDQlMjIlMjB0eXBlJTNEJTIydmlkZW8lMkZtcDQlMjIlM0UlMEElM0MlMkZ2aWRlbyUzRQ==[\/vc_raw_html][\/vc_column][\/vc_row][vc_row][vc_column css=&#8220;.vc_custom_1727698306439{margin-top: 40px !important;}&#8220; offset=&#8220;vc_hidden-lg vc_hidden-md&#8220;][vc_raw_html el_class=&#8220;backgroundVideoHome&#8220;]JTNDdmlkZW8lMjBhdXRvcGxheSUyMG11dGVkJTIwbG9vcCUyMGlkJTNEJTIyYmFja2dyb3VuZFZpZGVvJTIyJTNFJTBBJTIwJTIwJTNDc291cmNlJTIwc3JjJTNEJTIyJTJGZGUlMkZ3cC1jb250ZW50JTJGdXBsb2FkcyUyRjIwMjElMkYxMCUyRk5JRU1JRUNLSS5tcDQlMjIlMjB0eXBlJTNEJTIydmlkZW8lMkZtcDQlMjIlM0UlMEElM0MlMkZ2aWRlbyUzRQ==[\/vc_raw_html][\/vc_column][\/vc_row][vc_row full_height=&#8220;yes&#8220; el_id=&#8220;homeText&#8220; css=&#8220;.vc_custom_1635956200865{margin-right: 70px !important;margin-left: 70px !important;}&#8220;][vc_column][vc_column_text] Das Ingenieurb\u00fcro SIMCONN wurde 2010 gegr\u00fcndet. Dank der jahrelang in der Praxis gesammelten Erfahrung, bietet es eine breite Palette an [&hellip;]<\/p>\n","protected":false},"author":1,"featured_media":0,"parent":0,"menu_order":0,"comment_status":"closed","ping_status":"closed","template":"full-width.php","meta":{"footnotes":""},"class_list":["post-15","page","type-page","status-publish","hentry"],"yoast_head":"<!-- This site is optimized with the Yoast SEO plugin v26.8 - https:\/\/yoast.com\/product\/yoast-seo-wordpress\/ -->\n<title>SIMCONN - FACADE PROJECTS<\/title>\n<meta name=\"description\" content=\"SUPPORT CONSTRUCTIONS AND FACADE SYSTEMS\" \/>\n<meta name=\"robots\" content=\"index, follow, max-snippet:-1, max-image-preview:large, max-video-preview:-1\" \/>\n<link rel=\"canonical\" href=\"https:\/\/simconn.com\/de\/\" \/>\n<meta property=\"og:locale\" content=\"de_DE\" \/>\n<meta property=\"og:type\" content=\"article\" \/>\n<meta property=\"og:title\" content=\"SIMCONN - FACADE PROJECTS\" \/>\n<meta property=\"og:description\" content=\"SUPPORT CONSTRUCTIONS AND FACADE SYSTEMS\" \/>\n<meta property=\"og:url\" content=\"https:\/\/simconn.com\/de\/\" \/>\n<meta property=\"og:site_name\" content=\"Simconn\" \/>\n<meta property=\"article:modified_time\" content=\"2024-09-30T12:12:23+00:00\" \/>\n<meta name=\"twitter:card\" content=\"summary_large_image\" \/>\n<meta name=\"twitter:label1\" content=\"Gesch\u00e4tzte Lesezeit\" \/>\n\t<meta name=\"twitter:data1\" content=\"1\u00a0Minute\" \/>\n<script type=\"application\/ld+json\" class=\"yoast-schema-graph\">{\"@context\":\"https:\/\/schema.org\",\"@graph\":[{\"@type\":\"WebPage\",\"@id\":\"https:\/\/simconn.com\/de\/\",\"url\":\"https:\/\/simconn.com\/de\/\",\"name\":\"SIMCONN - FACADE PROJECTS\",\"isPartOf\":{\"@id\":\"https:\/\/simconn.com\/de\/#website\"},\"datePublished\":\"2021-05-24T12:03:34+00:00\",\"dateModified\":\"2024-09-30T12:12:23+00:00\",\"description\":\"SUPPORT CONSTRUCTIONS AND FACADE SYSTEMS\",\"breadcrumb\":{\"@id\":\"https:\/\/simconn.com\/de\/#breadcrumb\"},\"inLanguage\":\"de\",\"potentialAction\":[{\"@type\":\"ReadAction\",\"target\":[\"https:\/\/simconn.com\/de\/\"]}]},{\"@type\":\"BreadcrumbList\",\"@id\":\"https:\/\/simconn.com\/de\/#breadcrumb\",\"itemListElement\":[{\"@type\":\"ListItem\",\"position\":1,\"name\":\"Startseite\",\"item\":\"https:\/\/simconn.com\/de\/\"},{\"@type\":\"ListItem\",\"position\":2,\"name\":\"Home\"}]},{\"@type\":\"WebSite\",\"@id\":\"https:\/\/simconn.com\/de\/#website\",\"url\":\"https:\/\/simconn.com\/de\/\",\"name\":\"Simconn\",\"description\":\"\",\"potentialAction\":[{\"@type\":\"SearchAction\",\"target\":{\"@type\":\"EntryPoint\",\"urlTemplate\":\"https:\/\/simconn.com\/de\/?s={search_term_string}\"},\"query-input\":{\"@type\":\"PropertyValueSpecification\",\"valueRequired\":true,\"valueName\":\"search_term_string\"}}],\"inLanguage\":\"de\"}]}<\/script>\n<!-- \/ Yoast SEO plugin. -->","yoast_head_json":{"title":"SIMCONN - FACADE PROJECTS","description":"SUPPORT CONSTRUCTIONS AND FACADE SYSTEMS","robots":{"index":"index","follow":"follow","max-snippet":"max-snippet:-1","max-image-preview":"max-image-preview:large","max-video-preview":"max-video-preview:-1"},"canonical":"https:\/\/simconn.com\/de\/","og_locale":"de_DE","og_type":"article","og_title":"SIMCONN - FACADE PROJECTS","og_description":"SUPPORT CONSTRUCTIONS AND FACADE SYSTEMS","og_url":"https:\/\/simconn.com\/de\/","og_site_name":"Simconn","article_modified_time":"2024-09-30T12:12:23+00:00","twitter_card":"summary_large_image","twitter_misc":{"Gesch\u00e4tzte Lesezeit":"1\u00a0Minute"},"schema":{"@context":"https:\/\/schema.org","@graph":[{"@type":"WebPage","@id":"https:\/\/simconn.com\/de\/","url":"https:\/\/simconn.com\/de\/","name":"SIMCONN - FACADE PROJECTS","isPartOf":{"@id":"https:\/\/simconn.com\/de\/#website"},"datePublished":"2021-05-24T12:03:34+00:00","dateModified":"2024-09-30T12:12:23+00:00","description":"SUPPORT CONSTRUCTIONS AND FACADE SYSTEMS","breadcrumb":{"@id":"https:\/\/simconn.com\/de\/#breadcrumb"},"inLanguage":"de","potentialAction":[{"@type":"ReadAction","target":["https:\/\/simconn.com\/de\/"]}]},{"@type":"BreadcrumbList","@id":"https:\/\/simconn.com\/de\/#breadcrumb","itemListElement":[{"@type":"ListItem","position":1,"name":"Startseite","item":"https:\/\/simconn.com\/de\/"},{"@type":"ListItem","position":2,"name":"Home"}]},{"@type":"WebSite","@id":"https:\/\/simconn.com\/de\/#website","url":"https:\/\/simconn.com\/de\/","name":"Simconn","description":"","potentialAction":[{"@type":"SearchAction","target":{"@type":"EntryPoint","urlTemplate":"https:\/\/simconn.com\/de\/?s={search_term_string}"},"query-input":{"@type":"PropertyValueSpecification","valueRequired":true,"valueName":"search_term_string"}}],"inLanguage":"de"}]}},"_links":{"self":[{"href":"https:\/\/simconn.com\/de\/wp-json\/wp\/v2\/pages\/15","targetHints":{"allow":["GET"]}}],"collection":[{"href":"https:\/\/simconn.com\/de\/wp-json\/wp\/v2\/pages"}],"about":[{"href":"https:\/\/simconn.com\/de\/wp-json\/wp\/v2\/types\/page"}],"author":[{"embeddable":true,"href":"https:\/\/simconn.com\/de\/wp-json\/wp\/v2\/users\/1"}],"replies":[{"embeddable":true,"href":"https:\/\/simconn.com\/de\/wp-json\/wp\/v2\/comments?post=15"}],"version-history":[{"count":50,"href":"https:\/\/simconn.com\/de\/wp-json\/wp\/v2\/pages\/15\/revisions"}],"predecessor-version":[{"id":582,"href":"https:\/\/simconn.com\/de\/wp-json\/wp\/v2\/pages\/15\/revisions\/582"}],"wp:attachment":[{"href":"https:\/\/simconn.com\/de\/wp-json\/wp\/v2\/media?parent=15"}],"curies":[{"name":"wp","href":"https:\/\/api.w.org\/{rel}","templated":true}]}}