{"id":2,"date":"2021-05-18T15:27:28","date_gmt":"2021-05-18T15:27:28","guid":{"rendered":"https:\/\/simconn.com\/de\/?page_id=2"},"modified":"2021-11-15T14:50:27","modified_gmt":"2021-11-15T14:50:27","slug":"buro","status":"publish","type":"page","link":"https:\/\/simconn.com\/de\/buro\/","title":{"rendered":"B\u00fcro"},"content":{"rendered":"<div class=\"wpb-content-wrapper\"><p>[vc_row css=&#8220;.vc_custom_1633096596578{padding-top: 11vh !important;}&#8220;][vc_column][vc_column_text el_class=&#8220;sectionTitle&#8220;]<\/p>\n<h1>B\u00dcRO<\/h1>\n<p>[\/vc_column_text][\/vc_column][\/vc_row][vc_row css=&#8220;.vc_custom_1633096972173{margin-top: 80px !important;}&#8220;][vc_column width=&#8220;1\/2&#8243;][vc_column_text]Das Ingenieurb\u00fcro SIMCONN wurde 2010 gegr\u00fcndet. Dank der jahrelang in der Praxis gesammelten Erfahrung, bietet es eine breite Palette an Planungsdiensten im Bereich der Befestigung schwerer, hintergel\u00fcfteter Fassaden. Wir befassen uns mit der Vorbereitung von Montage- und Bauprojekten sowie Ausf\u00fchrungsplanung f\u00fcr Wandverkleidungen aus Materialien wie beispielsweise Klinkerstein, Naturstein und Beton. Die langj\u00e4hrige Erfahrung in der Planungs- und Befestigungsbranche macht es uns m\u00f6glich, die richtigen L\u00f6sungen aufzuzeigen und die Erwartungen unserer Gesch\u00e4ftspartner zu erf\u00fcllen.[\/vc_column_text][\/vc_column][vc_column width=&#8220;1\/2&#8243;][vc_column_text]Wir gehen umfassend an die in Auftrag gegebenen Arbeiten heran, mit Sorgfalt f\u00fcr Details und pers\u00f6nliche Vorlieben des Kunden. Aktuell neu entstehende Objekte werden individuell entworfen, mit dem Schwerpunkt auf Schaffung einer au\u00dfergew\u00f6hnlichen Architektur. Geb\u00e4udefassaden nehmen h\u00e4ufig eine einzigartige Form und Gestalt an. In unseren Projekten verwenden wir bereits bew\u00e4hrte und auch neue technische L\u00f6sungen, um den geplanten architektonischen Effekt bei m\u00f6glichst geringer Anzahl von W\u00e4rmebr\u00fccken zu erreichen.[\/vc_column_text][\/vc_column][\/vc_row][vc_row full_width=&#8220;stretch_row&#8220; css=&#8220;.vc_custom_1633008581955{margin-top: 11vh !important;padding-top: 25px !important;padding-bottom: 50px !important;background-color: #f3f3f3 !important;}&#8220; el_id=&#8220;section2Office&#8220;][vc_column][vc_column_text css=&#8220;.vc_custom_1636987825928{margin-bottom: 25px !important;}&#8220; el_class=&#8220;sectionTitle&#8220;]<\/p>\n<h2><span class=\"VIiyi\" lang=\"de\"><span class=\"JLqJ4b ChMk0b\" data-language-for-alternatives=\"de\" data-language-to-translate-into=\"pl\" data-phrase-index=\"0\" data-number-of-phrases=\"1\">PROJEKTEN<\/span><\/span><\/h2>\n<p>[\/vc_column_text][vc_row_inner el_class=&#8220;projectGallery&#8220;][vc_column_inner width=&#8220;1\/3&#8243;][vc_column_text css=&#8220;.vc_custom_1636987717539{padding-bottom: 10px !important;}&#8220;]<a class=\"projectTitle\" href=\"\/de\/digital-hub-industry\/\">Fassade aus Klinker<\/a>[\/vc_column_text][vc_single_image image=&#8220;453&#8243; img_size=&#8220;full&#8220; alignment=&#8220;center&#8220; onclick=&#8220;custom_link&#8220; css=&#8220;.vc_custom_1634568538861{margin-bottom: 30px !important;}&#8220; link=&#8220;\/de\/digital-hub-industry\/&#8220;][vc_column_text]Projekt: Digital Hub Industry<\/p>\n<p><a href=\"\/de\/digital-hub-industry\/\">Siehe das Projekt<\/a>[\/vc_column_text][\/vc_column_inner][vc_column_inner width=&#8220;1\/3&#8243;][vc_column_text css=&#8220;.vc_custom_1636987722316{padding-bottom: 10px !important;}&#8220;]<a class=\"projectTitle\" href=\"\/de\/vereinigte-stadtwerke\/\">Fassade aus Klinker<\/a>[\/vc_column_text][vc_single_image image=&#8220;361&#8243; img_size=&#8220;full&#8220; alignment=&#8220;center&#8220; onclick=&#8220;custom_link&#8220; css=&#8220;.vc_custom_1634568550582{margin-bottom: 30px !important;}&#8220; link=&#8220;\/de\/vereinigte-stadtwerke\/&#8220;][vc_column_text]Projekt: Vereinigte Stadtwerke<\/p>\n<p><a href=\"\/de\/vereinigte-stadtwerke\/\">Siehe das Projekt<\/a>[\/vc_column_text][\/vc_column_inner][vc_column_inner width=&#8220;1\/3&#8243;][vc_column_text css=&#8220;.vc_custom_1636987727774{padding-bottom: 10px !important;}&#8220;]<a class=\"projectTitle\" href=\"\/de\/fraunhofer-center\/\">Fassade aus Klinker<\/a>[\/vc_column_text][vc_single_image image=&#8220;369&#8243; img_size=&#8220;full&#8220; alignment=&#8220;center&#8220; onclick=&#8220;custom_link&#8220; css=&#8220;.vc_custom_1634568557940{margin-bottom: 30px !important;}&#8220; link=&#8220;\/de\/fraunhofer-center\/&#8220;][vc_column_text]Projekt: Fraunhofer-Center<\/p>\n<p><a href=\"\/de\/fraunhofer-center\/\">Siehe das Projekt<\/a>[\/vc_column_text][\/vc_column_inner][\/vc_row_inner][\/vc_column][\/vc_row]<\/p>\n<\/div>","protected":false},"excerpt":{"rendered":"<p>[vc_row css=&#8220;.vc_custom_1633096596578{padding-top: 11vh !important;}&#8220;][vc_column][vc_column_text el_class=&#8220;sectionTitle&#8220;] B\u00dcRO [\/vc_column_text][\/vc_column][\/vc_row][vc_row css=&#8220;.vc_custom_1633096972173{margin-top: 80px !important;}&#8220;][vc_column width=&#8220;1\/2&#8243;][vc_column_text]Das Ingenieurb\u00fcro SIMCONN wurde 2010 gegr\u00fcndet. Dank der jahrelang in der Praxis gesammelten Erfahrung, bietet es eine breite Palette an Planungsdiensten im Bereich der Befestigung schwerer, hintergel\u00fcfteter Fassaden. Wir befassen [&hellip;]<\/p>\n","protected":false},"author":1,"featured_media":0,"parent":0,"menu_order":0,"comment_status":"closed","ping_status":"open","template":"","meta":{"footnotes":""},"class_list":["post-2","page","type-page","status-publish","hentry"],"yoast_head":"<!-- This site is optimized with the Yoast SEO plugin v26.8 - https:\/\/yoast.com\/product\/yoast-seo-wordpress\/ -->\n<title>B\u00fcro - Simconn<\/title>\n<meta name=\"robots\" content=\"index, follow, max-snippet:-1, max-image-preview:large, max-video-preview:-1\" \/>\n<link rel=\"canonical\" href=\"https:\/\/simconn.com\/de\/buro\/\" \/>\n<meta property=\"og:locale\" content=\"de_DE\" \/>\n<meta property=\"og:type\" content=\"article\" \/>\n<meta property=\"og:title\" content=\"B\u00fcro - Simconn\" \/>\n<meta property=\"og:description\" content=\"[vc_row css=&#8220;.vc_custom_1633096596578{padding-top: 11vh !important;}&#8220;][vc_column][vc_column_text el_class=&#8220;sectionTitle&#8220;] B\u00dcRO [\/vc_column_text][\/vc_column][\/vc_row][vc_row css=&#8220;.vc_custom_1633096972173{margin-top: 80px !important;}&#8220;][vc_column width=&#8220;1\/2&#8243;][vc_column_text]Das Ingenieurb\u00fcro SIMCONN wurde 2010 gegr\u00fcndet. Dank der jahrelang in der Praxis gesammelten Erfahrung, bietet es eine breite Palette an Planungsdiensten im Bereich der Befestigung schwerer, hintergel\u00fcfteter Fassaden. Wir befassen [&hellip;]\" \/>\n<meta property=\"og:url\" content=\"https:\/\/simconn.com\/de\/buro\/\" \/>\n<meta property=\"og:site_name\" content=\"Simconn\" \/>\n<meta property=\"article:modified_time\" content=\"2021-11-15T14:50:27+00:00\" \/>\n<meta name=\"twitter:card\" content=\"summary_large_image\" \/>\n<meta name=\"twitter:label1\" content=\"Gesch\u00e4tzte Lesezeit\" \/>\n\t<meta name=\"twitter:data1\" content=\"2\u00a0Minuten\" \/>\n<script type=\"application\/ld+json\" class=\"yoast-schema-graph\">{\"@context\":\"https:\/\/schema.org\",\"@graph\":[{\"@type\":\"WebPage\",\"@id\":\"https:\/\/simconn.com\/de\/buro\/\",\"url\":\"https:\/\/simconn.com\/de\/buro\/\",\"name\":\"B\u00fcro - Simconn\",\"isPartOf\":{\"@id\":\"https:\/\/simconn.com\/de\/#website\"},\"datePublished\":\"2021-05-18T15:27:28+00:00\",\"dateModified\":\"2021-11-15T14:50:27+00:00\",\"breadcrumb\":{\"@id\":\"https:\/\/simconn.com\/de\/buro\/#breadcrumb\"},\"inLanguage\":\"de\",\"potentialAction\":[{\"@type\":\"ReadAction\",\"target\":[\"https:\/\/simconn.com\/de\/buro\/\"]}]},{\"@type\":\"BreadcrumbList\",\"@id\":\"https:\/\/simconn.com\/de\/buro\/#breadcrumb\",\"itemListElement\":[{\"@type\":\"ListItem\",\"position\":1,\"name\":\"Startseite\",\"item\":\"https:\/\/simconn.com\/de\/\"},{\"@type\":\"ListItem\",\"position\":2,\"name\":\"B\u00fcro\"}]},{\"@type\":\"WebSite\",\"@id\":\"https:\/\/simconn.com\/de\/#website\",\"url\":\"https:\/\/simconn.com\/de\/\",\"name\":\"Simconn\",\"description\":\"\",\"potentialAction\":[{\"@type\":\"SearchAction\",\"target\":{\"@type\":\"EntryPoint\",\"urlTemplate\":\"https:\/\/simconn.com\/de\/?s={search_term_string}\"},\"query-input\":{\"@type\":\"PropertyValueSpecification\",\"valueRequired\":true,\"valueName\":\"search_term_string\"}}],\"inLanguage\":\"de\"}]}<\/script>\n<!-- \/ Yoast SEO plugin. -->","yoast_head_json":{"title":"B\u00fcro - Simconn","robots":{"index":"index","follow":"follow","max-snippet":"max-snippet:-1","max-image-preview":"max-image-preview:large","max-video-preview":"max-video-preview:-1"},"canonical":"https:\/\/simconn.com\/de\/buro\/","og_locale":"de_DE","og_type":"article","og_title":"B\u00fcro - Simconn","og_description":"[vc_row css=&#8220;.vc_custom_1633096596578{padding-top: 11vh !important;}&#8220;][vc_column][vc_column_text el_class=&#8220;sectionTitle&#8220;] B\u00dcRO [\/vc_column_text][\/vc_column][\/vc_row][vc_row css=&#8220;.vc_custom_1633096972173{margin-top: 80px !important;}&#8220;][vc_column width=&#8220;1\/2&#8243;][vc_column_text]Das Ingenieurb\u00fcro SIMCONN wurde 2010 gegr\u00fcndet. Dank der jahrelang in der Praxis gesammelten Erfahrung, bietet es eine breite Palette an Planungsdiensten im Bereich der Befestigung schwerer, hintergel\u00fcfteter Fassaden. Wir befassen [&hellip;]","og_url":"https:\/\/simconn.com\/de\/buro\/","og_site_name":"Simconn","article_modified_time":"2021-11-15T14:50:27+00:00","twitter_card":"summary_large_image","twitter_misc":{"Gesch\u00e4tzte Lesezeit":"2\u00a0Minuten"},"schema":{"@context":"https:\/\/schema.org","@graph":[{"@type":"WebPage","@id":"https:\/\/simconn.com\/de\/buro\/","url":"https:\/\/simconn.com\/de\/buro\/","name":"B\u00fcro - Simconn","isPartOf":{"@id":"https:\/\/simconn.com\/de\/#website"},"datePublished":"2021-05-18T15:27:28+00:00","dateModified":"2021-11-15T14:50:27+00:00","breadcrumb":{"@id":"https:\/\/simconn.com\/de\/buro\/#breadcrumb"},"inLanguage":"de","potentialAction":[{"@type":"ReadAction","target":["https:\/\/simconn.com\/de\/buro\/"]}]},{"@type":"BreadcrumbList","@id":"https:\/\/simconn.com\/de\/buro\/#breadcrumb","itemListElement":[{"@type":"ListItem","position":1,"name":"Startseite","item":"https:\/\/simconn.com\/de\/"},{"@type":"ListItem","position":2,"name":"B\u00fcro"}]},{"@type":"WebSite","@id":"https:\/\/simconn.com\/de\/#website","url":"https:\/\/simconn.com\/de\/","name":"Simconn","description":"","potentialAction":[{"@type":"SearchAction","target":{"@type":"EntryPoint","urlTemplate":"https:\/\/simconn.com\/de\/?s={search_term_string}"},"query-input":{"@type":"PropertyValueSpecification","valueRequired":true,"valueName":"search_term_string"}}],"inLanguage":"de"}]}},"_links":{"self":[{"href":"https:\/\/simconn.com\/de\/wp-json\/wp\/v2\/pages\/2","targetHints":{"allow":["GET"]}}],"collection":[{"href":"https:\/\/simconn.com\/de\/wp-json\/wp\/v2\/pages"}],"about":[{"href":"https:\/\/simconn.com\/de\/wp-json\/wp\/v2\/types\/page"}],"author":[{"embeddable":true,"href":"https:\/\/simconn.com\/de\/wp-json\/wp\/v2\/users\/1"}],"replies":[{"embeddable":true,"href":"https:\/\/simconn.com\/de\/wp-json\/wp\/v2\/comments?post=2"}],"version-history":[{"count":46,"href":"https:\/\/simconn.com\/de\/wp-json\/wp\/v2\/pages\/2\/revisions"}],"predecessor-version":[{"id":574,"href":"https:\/\/simconn.com\/de\/wp-json\/wp\/v2\/pages\/2\/revisions\/574"}],"wp:attachment":[{"href":"https:\/\/simconn.com\/de\/wp-json\/wp\/v2\/media?parent=2"}],"curies":[{"name":"wp","href":"https:\/\/api.w.org\/{rel}","templated":true}]}}