{"id":68,"date":"2021-05-24T13:13:49","date_gmt":"2021-05-24T13:13:49","guid":{"rendered":"https:\/\/simconn.com\/de\/?page_id=68"},"modified":"2021-11-15T14:50:44","modified_gmt":"2021-11-15T14:50:44","slug":"leistungen","status":"publish","type":"page","link":"https:\/\/simconn.com\/de\/leistungen\/","title":{"rendered":"Leistungen"},"content":{"rendered":"<div class=\"wpb-content-wrapper\"><p>[vc_row css=&#8220;.vc_custom_1633096611128{margin-top: 11vh !important;}&#8220;][vc_column][vc_column_text el_class=&#8220;sectionTitle&#8220;]<\/p>\n<h1>LEISTUNGEN<\/h1>\n<p>[\/vc_column_text][\/vc_column][\/vc_row][vc_row css=&#8220;.vc_custom_1633096957500{margin-top: 80px !important;}&#8220;][vc_column][vc_column_text]Wir erbringen umfassende Projektleistungen und gehen an jeden Auftrag individuell heran. Die von uns vorgeschlagenen L\u00f6sungen zeichnen sich durch Anwendungssicherheit und einfache Montage aus. Zum Umfang der von der Firma SIMCONN erbrachten Dienstleistungen geh\u00f6ren:[\/vc_column_text][vc_column_text css=&#8220;.vc_custom_1634557880773{margin-top: 30px !important;}&#8220; el_class=&#8220;squareList&#8220;]<\/p>\n<ul>\n<li>\n<p class=\"textSquareList\">Vorbereitung eines vorl\u00e4ufigen Konzepts der Fassadenbefestigung, unter Ber\u00fccksichtigung des Fassadenmaterials, der Art der Unterkonstruktion einschlie\u00dflich der Verteilung der notwendigen Dehnungsfugen und einer vorl\u00e4ufigen Auswahl des Typs der tragenden Unterkonstruktion,<\/p>\n<\/li>\n<li>\n<p class=\"textSquareList\">Vorbereitung der Montage- und Baudokumentation, die Einzelheiten und Details enth\u00e4lt, die w\u00e4hrend der Fassadenmontage notwendig sind,<\/p>\n<\/li>\n<li>\n<p class=\"textSquareList\">Durchf\u00fchrung von Statik- und Spannungsnachweisen, f\u00fcr die angewandte Stahlkonstruktion,<\/p>\n<\/li>\n<li>\n<p class=\"textSquareList\">Erstellung der Montageanleitung.<\/p>\n<\/li>\n<\/ul>\n<p>[\/vc_column_text][\/vc_column][\/vc_row][vc_row css=&#8220;.vc_custom_1622023175192{margin-top: 40px !important;}&#8220;][vc_column width=&#8220;1\/2&#8243;][vc_column_text]Die Planung der Geb\u00e4udefassade ist immer eine essenzielle Phase der Architekturplanung. Bel\u00fcftete Fassaden sind au\u00dferordentlich wichtig aus Sicht der Beurteilung des \u00e4sthetischen Aspekts jedes Objekts. Das f\u00fcr ihre Herstellung ausgew\u00e4hlte Material sollte nicht nur robust sein, sondern auch so gew\u00e4hlt, dass es den einzigartigen Charakter des Geb\u00e4udes betont.[\/vc_column_text][vc_column_text css=&#8220;.vc_custom_1634558204329{margin-top: 30px !important;}&#8220;]Auf dem Markt sind verschiedene Materialien f\u00fcr die Ausf\u00fchrung von bel\u00fcfteten Fassaden erh\u00e4ltlich. Unter diesen sind vor allem Klinkerstein, Naturstein und Beton beachtenswert. Eine Beton-, Stein- oder Klinker-Fassade ist ein Merkmal, das heute moderne Geb\u00e4ude hervorhebt und ihre Einzigartigkeit und Besonderheit betont.[\/vc_column_text][\/vc_column][vc_column width=&#8220;1\/2&#8243;][vc_column_text]Wenn Sie auf der Suche nach L\u00f6sungen f\u00fcr die Befestigung der bel\u00fcfteten Fassade aus den oben genannten Werkstoffen oder nach technischer Unterst\u00fctzung sind, laden wir Sie zur Inanspruchnahme unserer Dienste auf scc@simconn.com ein. Dort erhalten Sie einen Vorschlag f\u00fcr die Fassadenbefestigung oder eine L\u00f6sung ihrer Montagedetails.[\/vc_column_text][vc_column_text css=&#8220;.vc_custom_1634558245692{margin-top: 30px !important;}&#8220;]Wir arbeiten gerne mit Architekten und Ingenieuren bei der Planung von Fassaden zusammen. In unserem B\u00fcro f\u00fchren wir Projekte von Fassaden und Details ihrer Verbindung mit der Konstruktionswand an untypischen Geb\u00e4udepunkten aus, unter Verwendung der verf\u00fcgbaren Fassadensysteme.[\/vc_column_text][\/vc_column][\/vc_row][vc_row full_width=&#8220;stretch_row&#8220; css=&#8220;.vc_custom_1622018837451{margin-top: 100px !important;padding-top: 25px !important;padding-bottom: 50px !important;background-color: #f3f3f3 !important;}&#8220; el_id=&#8220;section2Office&#8220;][vc_column][vc_column_text css=&#8220;.vc_custom_1636987842815{margin-bottom: 25px !important;}&#8220; el_class=&#8220;sectionTitle&#8220;]<\/p>\n<h2>PROJEKTEN<\/h2>\n<p>[\/vc_column_text][vc_row_inner el_class=&#8220;projectGallery&#8220;][vc_column_inner width=&#8220;1\/3&#8243;][vc_column_text css=&#8220;.vc_custom_1636987673169{padding-bottom: 10px !important;}&#8220;]<a class=\"projectTitle\" href=\"\/de\/digital-hub-industry\/\">Fassade aus Klinker<\/a>[\/vc_column_text][vc_single_image image=&#8220;453&#8243; img_size=&#8220;full&#8220; alignment=&#8220;center&#8220; onclick=&#8220;custom_link&#8220; css=&#8220;.vc_custom_1634568602252{margin-bottom: 30px !important;}&#8220; link=&#8220;\/de\/digital-hub-industry\/&#8220;][vc_column_text]Projekt: Digital Hub Industry<\/p>\n<p><a href=\"\/de\/digital-hub-industry\/\">Siehe das Projekt<\/a>[\/vc_column_text][\/vc_column_inner][vc_column_inner width=&#8220;1\/3&#8243;][vc_column_text css=&#8220;.vc_custom_1636987679325{padding-bottom: 10px !important;}&#8220;]<a class=\"projectTitle\" href=\"\/de\/vereinigte-stadtwerke\/\">Fassade aus Klinker<\/a>[\/vc_column_text][vc_single_image image=&#8220;361&#8243; img_size=&#8220;full&#8220; alignment=&#8220;center&#8220; onclick=&#8220;custom_link&#8220; css=&#8220;.vc_custom_1634568628529{margin-bottom: 30px !important;}&#8220; link=&#8220;\/de\/vereinigte-stadtwerke\/&#8220;][vc_column_text]Projekt: Vereinigte Stadtwerke<\/p>\n<p><a href=\"\/de\/vereinigte-stadtwerke\/\">Siehe das Projekt<\/a>[\/vc_column_text][\/vc_column_inner][vc_column_inner width=&#8220;1\/3&#8243;][vc_column_text css=&#8220;.vc_custom_1636987684066{padding-bottom: 10px !important;}&#8220;]<a class=\"projectTitle\" href=\"\/de\/fraunhofer-center\/\">Fassade aus Klinker<\/a>[\/vc_column_text][vc_single_image image=&#8220;369&#8243; img_size=&#8220;full&#8220; alignment=&#8220;center&#8220; onclick=&#8220;custom_link&#8220; css=&#8220;.vc_custom_1634568658329{margin-bottom: 30px !important;}&#8220; link=&#8220;\/de\/fraunhofer-center\/&#8220;][vc_column_text]Projekt: Fraunhofer-Center<\/p>\n<p><a href=\"\/de\/fraunhofer-center\/\">Siehe das Projekt<\/a>[\/vc_column_text][\/vc_column_inner][\/vc_row_inner][\/vc_column][\/vc_row]<\/p>\n<\/div>","protected":false},"excerpt":{"rendered":"<p>[vc_row css=&#8220;.vc_custom_1633096611128{margin-top: 11vh !important;}&#8220;][vc_column][vc_column_text el_class=&#8220;sectionTitle&#8220;] LEISTUNGEN [\/vc_column_text][\/vc_column][\/vc_row][vc_row css=&#8220;.vc_custom_1633096957500{margin-top: 80px !important;}&#8220;][vc_column][vc_column_text]Wir erbringen umfassende Projektleistungen und gehen an jeden Auftrag individuell heran. Die von uns vorgeschlagenen L\u00f6sungen zeichnen sich durch Anwendungssicherheit und einfache Montage aus. Zum Umfang der von der Firma SIMCONN [&hellip;]<\/p>\n","protected":false},"author":1,"featured_media":0,"parent":0,"menu_order":0,"comment_status":"closed","ping_status":"open","template":"","meta":{"footnotes":""},"class_list":["post-68","page","type-page","status-publish","hentry"],"yoast_head":"<!-- This site is optimized with the Yoast SEO plugin v26.8 - https:\/\/yoast.com\/product\/yoast-seo-wordpress\/ -->\n<title>Leistungen - Simconn<\/title>\n<meta name=\"robots\" content=\"index, follow, max-snippet:-1, max-image-preview:large, max-video-preview:-1\" \/>\n<link rel=\"canonical\" href=\"https:\/\/simconn.com\/de\/leistungen\/\" \/>\n<meta property=\"og:locale\" content=\"de_DE\" \/>\n<meta property=\"og:type\" content=\"article\" \/>\n<meta property=\"og:title\" content=\"Leistungen - Simconn\" \/>\n<meta property=\"og:description\" content=\"[vc_row css=&#8220;.vc_custom_1633096611128{margin-top: 11vh !important;}&#8220;][vc_column][vc_column_text el_class=&#8220;sectionTitle&#8220;] LEISTUNGEN [\/vc_column_text][\/vc_column][\/vc_row][vc_row css=&#8220;.vc_custom_1633096957500{margin-top: 80px !important;}&#8220;][vc_column][vc_column_text]Wir erbringen umfassende Projektleistungen und gehen an jeden Auftrag individuell heran. Die von uns vorgeschlagenen L\u00f6sungen zeichnen sich durch Anwendungssicherheit und einfache Montage aus. Zum Umfang der von der Firma SIMCONN [&hellip;]\" \/>\n<meta property=\"og:url\" content=\"https:\/\/simconn.com\/de\/leistungen\/\" \/>\n<meta property=\"og:site_name\" content=\"Simconn\" \/>\n<meta property=\"article:modified_time\" content=\"2021-11-15T14:50:44+00:00\" \/>\n<meta name=\"twitter:card\" content=\"summary_large_image\" \/>\n<meta name=\"twitter:label1\" content=\"Gesch\u00e4tzte Lesezeit\" \/>\n\t<meta name=\"twitter:data1\" content=\"2\u00a0Minuten\" \/>\n<script type=\"application\/ld+json\" class=\"yoast-schema-graph\">{\"@context\":\"https:\/\/schema.org\",\"@graph\":[{\"@type\":\"WebPage\",\"@id\":\"https:\/\/simconn.com\/de\/leistungen\/\",\"url\":\"https:\/\/simconn.com\/de\/leistungen\/\",\"name\":\"Leistungen - Simconn\",\"isPartOf\":{\"@id\":\"https:\/\/simconn.com\/de\/#website\"},\"datePublished\":\"2021-05-24T13:13:49+00:00\",\"dateModified\":\"2021-11-15T14:50:44+00:00\",\"breadcrumb\":{\"@id\":\"https:\/\/simconn.com\/de\/leistungen\/#breadcrumb\"},\"inLanguage\":\"de\",\"potentialAction\":[{\"@type\":\"ReadAction\",\"target\":[\"https:\/\/simconn.com\/de\/leistungen\/\"]}]},{\"@type\":\"BreadcrumbList\",\"@id\":\"https:\/\/simconn.com\/de\/leistungen\/#breadcrumb\",\"itemListElement\":[{\"@type\":\"ListItem\",\"position\":1,\"name\":\"Startseite\",\"item\":\"https:\/\/simconn.com\/de\/\"},{\"@type\":\"ListItem\",\"position\":2,\"name\":\"Leistungen\"}]},{\"@type\":\"WebSite\",\"@id\":\"https:\/\/simconn.com\/de\/#website\",\"url\":\"https:\/\/simconn.com\/de\/\",\"name\":\"Simconn\",\"description\":\"\",\"potentialAction\":[{\"@type\":\"SearchAction\",\"target\":{\"@type\":\"EntryPoint\",\"urlTemplate\":\"https:\/\/simconn.com\/de\/?s={search_term_string}\"},\"query-input\":{\"@type\":\"PropertyValueSpecification\",\"valueRequired\":true,\"valueName\":\"search_term_string\"}}],\"inLanguage\":\"de\"}]}<\/script>\n<!-- \/ Yoast SEO plugin. -->","yoast_head_json":{"title":"Leistungen - Simconn","robots":{"index":"index","follow":"follow","max-snippet":"max-snippet:-1","max-image-preview":"max-image-preview:large","max-video-preview":"max-video-preview:-1"},"canonical":"https:\/\/simconn.com\/de\/leistungen\/","og_locale":"de_DE","og_type":"article","og_title":"Leistungen - Simconn","og_description":"[vc_row css=&#8220;.vc_custom_1633096611128{margin-top: 11vh !important;}&#8220;][vc_column][vc_column_text el_class=&#8220;sectionTitle&#8220;] LEISTUNGEN [\/vc_column_text][\/vc_column][\/vc_row][vc_row css=&#8220;.vc_custom_1633096957500{margin-top: 80px !important;}&#8220;][vc_column][vc_column_text]Wir erbringen umfassende Projektleistungen und gehen an jeden Auftrag individuell heran. Die von uns vorgeschlagenen L\u00f6sungen zeichnen sich durch Anwendungssicherheit und einfache Montage aus. Zum Umfang der von der Firma SIMCONN [&hellip;]","og_url":"https:\/\/simconn.com\/de\/leistungen\/","og_site_name":"Simconn","article_modified_time":"2021-11-15T14:50:44+00:00","twitter_card":"summary_large_image","twitter_misc":{"Gesch\u00e4tzte Lesezeit":"2\u00a0Minuten"},"schema":{"@context":"https:\/\/schema.org","@graph":[{"@type":"WebPage","@id":"https:\/\/simconn.com\/de\/leistungen\/","url":"https:\/\/simconn.com\/de\/leistungen\/","name":"Leistungen - Simconn","isPartOf":{"@id":"https:\/\/simconn.com\/de\/#website"},"datePublished":"2021-05-24T13:13:49+00:00","dateModified":"2021-11-15T14:50:44+00:00","breadcrumb":{"@id":"https:\/\/simconn.com\/de\/leistungen\/#breadcrumb"},"inLanguage":"de","potentialAction":[{"@type":"ReadAction","target":["https:\/\/simconn.com\/de\/leistungen\/"]}]},{"@type":"BreadcrumbList","@id":"https:\/\/simconn.com\/de\/leistungen\/#breadcrumb","itemListElement":[{"@type":"ListItem","position":1,"name":"Startseite","item":"https:\/\/simconn.com\/de\/"},{"@type":"ListItem","position":2,"name":"Leistungen"}]},{"@type":"WebSite","@id":"https:\/\/simconn.com\/de\/#website","url":"https:\/\/simconn.com\/de\/","name":"Simconn","description":"","potentialAction":[{"@type":"SearchAction","target":{"@type":"EntryPoint","urlTemplate":"https:\/\/simconn.com\/de\/?s={search_term_string}"},"query-input":{"@type":"PropertyValueSpecification","valueRequired":true,"valueName":"search_term_string"}}],"inLanguage":"de"}]}},"_links":{"self":[{"href":"https:\/\/simconn.com\/de\/wp-json\/wp\/v2\/pages\/68","targetHints":{"allow":["GET"]}}],"collection":[{"href":"https:\/\/simconn.com\/de\/wp-json\/wp\/v2\/pages"}],"about":[{"href":"https:\/\/simconn.com\/de\/wp-json\/wp\/v2\/types\/page"}],"author":[{"embeddable":true,"href":"https:\/\/simconn.com\/de\/wp-json\/wp\/v2\/users\/1"}],"replies":[{"embeddable":true,"href":"https:\/\/simconn.com\/de\/wp-json\/wp\/v2\/comments?post=68"}],"version-history":[{"count":40,"href":"https:\/\/simconn.com\/de\/wp-json\/wp\/v2\/pages\/68\/revisions"}],"predecessor-version":[{"id":575,"href":"https:\/\/simconn.com\/de\/wp-json\/wp\/v2\/pages\/68\/revisions\/575"}],"wp:attachment":[{"href":"https:\/\/simconn.com\/de\/wp-json\/wp\/v2\/media?parent=68"}],"curies":[{"name":"wp","href":"https:\/\/api.w.org\/{rel}","templated":true}]}}