{"id":73,"date":"2021-05-24T13:17:22","date_gmt":"2021-05-24T13:17:22","guid":{"rendered":"https:\/\/simconn.com\/de\/?page_id=73"},"modified":"2021-11-15T14:51:10","modified_gmt":"2021-11-15T14:51:10","slug":"fassaden","status":"publish","type":"page","link":"https:\/\/simconn.com\/de\/fassaden\/","title":{"rendered":"Fassaden"},"content":{"rendered":"<div class=\"wpb-content-wrapper\"><p>[vc_row css=&#8220;.vc_custom_1633096625112{margin-top: 11vh !important;}&#8220;][vc_column][vc_column_text el_class=&#8220;sectionTitle&#8220;]<\/p>\n<h1>FASSADEN<\/h1>\n<p>[\/vc_column_text][\/vc_column][\/vc_row][vc_row css=&#8220;.vc_custom_1633096942962{margin-top: 80px !important;}&#8220;][vc_column width=&#8220;1\/2&#8243;][vc_column_text]Unabh\u00e4ngig von der Art des f\u00fcr die Ausf\u00fchrung der Fassade gew\u00e4hlten Materials, kann diese eine Vielfalt an Formen und Gestalten annehmen. Das ist dank dem Einsatz von Materialien m\u00f6glich, die die Anwendung in interessanten architektonischen L\u00f6sungen erlauben, sowie dank dem Wunsch der Planer, unvergessliche Geb\u00e4ude zu schaffen, die au\u00dfergew\u00f6hnliche, \u00e4sthetische Eindr\u00fccke hinterlassen.[\/vc_column_text][vc_column_text css=&#8220;.vc_custom_1634557167655{margin-top: 30px !important;}&#8220;]Hinter der Form und Gestalt verbergen sich jedoch bestimmte technische Schwierigkeiten, die mit der Verbindungsweise des Fassadenteils mit der Tr\u00e4gerkonstruktion des Geb\u00e4udes verkn\u00fcpft sind. W\u00e4hrend der Planungsarbeiten hinsichtlich der M\u00f6glichkeiten zur Befestigung von Fassadenelementen, richten wir uns nach dem Prinzip der freundlichen Montage.[\/vc_column_text][\/vc_column][vc_column width=&#8220;1\/2&#8243;][vc_column_text]Dieses beruht auf einer unkomplizierten und einfachen Installation der Befestigungsanker an der Konstruktion des jeweiligen Objekts, und der sp\u00e4teren, einfachen Befestigung der Fassade. Deshalb ist es so wichtig, noch in der Planungsphase des Geb\u00e4udes das richtige Montagesystem auszuw\u00e4hlen und die daf\u00fcr entsprechenden Stelle und die richtigen Befestigungsbedingungen vorzubereiten.[\/vc_column_text][vc_column_text css=&#8220;.vc_custom_1634557183987{margin-top: 30px !important;}&#8220;]Im Hinblick auf den fehlenden Zugang zur Unterkonstruktion nach der Montage der Fassade, verwendet die Technik der Fassadenbefestigungen Anker aus Edelstahl f\u00fcr die Montage, die best\u00e4ndig gegen Korrosion und ung\u00fcnstige Witterungseinfl\u00fcsse sind. Sie sind f\u00fcr Klinker, Stein und Beton ausgelegt.[\/vc_column_text][\/vc_column][\/vc_row][vc_row css=&#8220;.vc_custom_1622629394142{margin-top: 90px !important;}&#8220; el_class=&#8220;bookmark&#8220;][vc_column][vc_column_text el_class=&#8220;sectionTitle&#8220; css=&#8220;.vc_custom_1636557783066{margin-bottom: 36px !important;}&#8220;]<\/p>\n<h2><span class=\"VIiyi\" lang=\"de\"><span class=\"JLqJ4b ChMk0b\" data-language-for-alternatives=\"de\" data-language-to-translate-into=\"pl\" data-phrase-index=\"0\" data-number-of-phrases=\"1\">ARTEN VON SCHWEREN FASSADEN<\/span><\/span><\/h2>\n<p>[\/vc_column_text][vc_raw_html]JTNDZGl2JTIwY2xhc3MlM0QlMjJ0YWIlMjIlM0UlMEElMjAlMjAlMjAlMjAlM0NidXR0b24lMjBjbGFzcyUzRCUyMnRhYmxpbmtzJTIwYWN0aXZlJTIyJTIwb25jbGljayUzRCUyMm9wZW5DaXR5JTI4ZXZlbnQlMkMlMjAlMjd0YWJPbmUlMjclMjklMjIlM0VGQVNTQURFJTIwQVVTJTIwQkVUT04lM0MlMkZidXR0b24lM0UlMEElMjAlMjAlMjAlMjAlM0NidXR0b24lMjBjbGFzcyUzRCUyMnRhYmxpbmtzJTIyJTIwb25jbGljayUzRCUyMm9wZW5DaXR5JTI4ZXZlbnQlMkMlMjAlMjd0YWJUd28lMjclMjklMjIlM0VGQVNTQURFJTIwQVVTJTIwS0xJTktFUiUzQyUyRmJ1dHRvbiUzRSUwQSUyMCUyMCUyMCUyMCUzQ2J1dHRvbiUyMGNsYXNzJTNEJTIydGFibGlua3MlMjIlMjBvbmNsaWNrJTNEJTIyb3BlbkNpdHklMjhldmVudCUyQyUyMCUyN3RhYlRocmVlJTI3JTI5JTIyJTNFRkFTU0FERSUyMEFVUyUyME5BVFVSU1RFSU4lM0MlMkZidXR0b24lM0UlMEElMjAlMjAlM0MlMkZkaXYlM0UlMEElMjAlMjAlMEElMjAlMjAlM0MlMjEtLSUyMFRhYiUyMGNvbnRlbnQlMjAtLSUzRSUwQSUzQ2RpdiUyMGNsYXNzJTNEJTIydGFicyUyMiUzRSUwQSUzQ2RpdiUyMGlkJTNEJTIydGFiT25lJTIyJTIwY2xhc3MlM0QlMjJ0YWJjb250ZW50JTIyJTNFJTBBJTIwJTIwJTIwJTIwJTNDaDIlM0VGQVNTQURFJTIwQVVTJTIwQkVUT04lM0MlMkZoMiUzRSUwQSUyMCUyMCUyMCUyMCUzQ2RpdiUyMGNsYXNzJTNEJTIydGFiR3JpZCUyMiUzRSUwQSUyMCUyMCUyMCUyMCUyMCUyMCUyMCUyMCUzQ2RpdiUyMGNsYXNzJTNEJTIyZ3JpZENvbHVtbiUyMiUzRSUwQSUyMCUyMCUyMCUyMCUyMCUyMCUyMCUyMCUyMCUyMCUyMCUyMCUzQ3AlM0VEZXIlMjBXZXJrc3RvZmYlMjBCZXRvbiUyMGVybSVDMyVCNmdsaWNodCUyMHVucyUyQyUyMGRhbmslMjBkZXIlMjBBbndlbmR1bmclMjBtb2Rlcm5lciUyMFByb2R1a3Rpb25zdGVjaG5vbG9naWVuJTJDJTIwZGllJTIwRnJlaWhlaXQlMjBkZXIlMjBHZXN0YWx0dW5nJTIwZGVzJTIwUmF1bXMlMjB1bmQlMjBkZXMlMjBBdXNzZWhlbnMlMjBkZXIlMjBGYXNzYWRlLiUyME1hdHJpemVuJTIwZGVyJTIwbmV1ZXN0ZW4lMjBHZW5lcmF0aW9uJTIwZXJtJUMzJUI2Z2xpY2hlbiUyMGRpZSUyMFdpZWRlcmdhYmUlMjB2b24lMjBmYXN0JTIwamVkZXIlMjBTdHJ1a3R1ciUyQyUyMHVuZCUyMGVudHNwcmVjaGVuZCUyMGF1c2dldyVDMyVBNGhsdGUlMjBCZXN0YW5kdGVpbGUlMjBkZXIlMjBCZXRvbm1pc2NodW5nJTIwc29yZ2VuJTIwZGFmJUMzJUJDciUyQyUyMGRhc3MlMjBCZXRvbiUyMGVpbmUlMjBzZWhyJTIwYnJlaXRlJTIwUGFsZXR0ZSUyMHZvbiUyMEZhcmJlbiUyMGVyaCVDMyVBNGx0LiUzQyUyRnAlM0UlMEElMjAlMjAlMjAlMjAlMjAlMjAlMjAlMjAlM0MlMkZkaXYlM0UlMEElMjAlMjAlMjAlMjAlMjAlMjAlMjAlMjAlM0NkaXYlMjBjbGFzcyUzRCUyMmdyaWRDb2x1bW4lMjIlM0UlMEElMjAlMjAlMjAlMjAlMjAlMjAlMjAlMjAlMjAlMjAlMjAlMjAlM0NwJTNFQXVmZ3J1bmQlMjBzZWluZXIlMjBWaWVsc2VpdGlna2VpdCUyMHVuZCUyMExlaWNodGlna2VpdCUyMGhpbnNpY2h0bGljaCUyMGRlciUyMEFubmFobWUlMjB2ZXJzY2hpZWRlbmVyJTIwRm9ybWVuJTJDJTIwaXN0JTIwQmV0b24lMjBkZXJ6ZWl0JTIwZWluZXIlMjBkZXIlMjBhbSUyMGxpZWJzdGVuJTIwZ2V3JUMzJUE0aGx0ZW4lMjBXZXJrc3RvZmZlJTIwZiVDMyVCQ3IlMjBkaWUlMjBBdXNmJUMzJUJDaHJ1bmclMjB2b24lMjBGYXNzYWRlbiUyMG9kZXIlMjBhbmRlcmVyJTJDJTIwcmVwciVDMyVBNHNlbnRhdGl2ZXIlMjBHZWIlQzMlQTR1ZGV0ZWlsZS4lMjBEaWUlMjBmcmVpZSUyMEdlc3RhbHR1bmclMjBkZXMlMjBSYXVtcyUyMGVybSVDMyVCNmdsaWNodCUyMHVucyUyMG5pY2h0JTIwbnVyJTIwZGVyJTIwQmV0b24lMjBzZWxic3QlMkMlMjBzb25kZXJuJTIwYXVjaCUyMGRpZSUyMGRlZGl6aWVydGVuJTIwTW9udGFnZXN5c3RlbWUlMjB6dXIlMjBCZWZlc3RpZ3VuZyUyMGRlciUyMGVpbnplbG5lbiUyMEZhc3NhZGVuZWxlbWVudGUlMkMlMjB3aWUlMjBncm8lQzMlOUZmbCVDMyVBNGNoaWdlJTIwQmV0b25wbGF0dGVuJTJDJTIwU29ja2VsLSUyMHVuZCUyMEF0dGlrYXBsYXR0ZW4lMjBvZGVyJTIwUGZvc3RlbiUyMHVuZCUyMEJhbGtlbi4lM0MlMkZwJTNFJTBBJTIwJTIwJTIwJTIwJTIwJTIwJTIwJTIwJTNDJTJGZGl2JTNFJTBBJTIwJTIwJTIwJTIwJTNDJTJGZGl2JTNFJTBBJTNDJTJGZGl2JTNFJTBBJTIwJTIwJTBBJTNDZGl2JTIwaWQlM0QlMjJ0YWJUd28lMjIlMjBjbGFzcyUzRCUyMnRhYmNvbnRlbnQlMjIlM0UlMEElMjAlMjAlMjAlMjAlM0NoMiUzRUZBU1NBREUlMjBBVVMlMjBLTElOS0VSJTNDJTJGaDIlM0UlMEElMjAlMjAlMjAlMjAlM0NkaXYlMjBjbGFzcyUzRCUyMnRhYkdyaWQlMjIlM0UlMEElMjAlMjAlMjAlMjAlMjAlMjAlMjAlMjAlM0NkaXYlMjBjbGFzcyUzRCUyMmdyaWRDb2x1bW4lMjIlM0UlMEElMjAlMjAlMjAlMjAlMjAlMjAlMjAlMjAlMjAlMjAlMjAlMjAlM0NwJTNFS2xpbmtlciUyMGlzdCUyMGVpbmVyJTIwZGVyJTIwJUMzJUE0bHRlc3RlbiUyMEJhdXdlcmtzdG9mZmUlMkMlMjBkaWUlMjBpbSUyMEJhdXdlc2VuJTIwZWluZ2VzZXR6dCUyMHdlcmRlbi4lMjBHbGVpY2h6ZWl0aWclMjB6ZWljaG5ldCUyMGVyJTIwc2ljaCUyMGR1cmNoJTIwc2VpbmUlMjBob2hlJTIwQmVzdCVDMyVBNG5kaWdrZWl0JTIwZ2VnZW4lMjB1bmclQzMlQkNuc3RpZ2UlMjBleHRlcm5lJTIwRWluZmwlQzMlQkNzc2UlMjB3aWUlMjBiaW9sb2dpc2NoZSUyMEtvcnJvc2lvbiUyQyUyMFJlZ2VuZiVDMyVBNGxsZSUyQyUyMEZyb3N0JTIwb2RlciUyMFRlbXBlcmF0dXJzY2h3YW5rdW5nZW4lMjBhdXMuJTIwRGllc2VzJTIwTWF0ZXJpYWwlMjB3aXJrdCUyMHNpY2glMjB3ZXNlbnRsaWNoJTIwYXVmJTIwZGllJTIwVmVyYmVzc2VydW5nJTIwZGVyJTIwdyVDMyVBNHJtZWQlQzMlQTRtbWVuZGVuJTIwRWlnZW5zY2hhZnRlbiUyMHZvbiUyMFclQzMlQTRuZGVuJTIwYXVzJTIwdW5kJTIwc2NoJUMzJUJDdHp0JTIwZGllJTIwVHIlQzMlQTRnZXJrb25zdHJ1a3Rpb24lMjBkZXMlMjBHZWIlQzMlQTR1ZGVzLiUzQyUyRnAlM0UlMEElMjAlMjAlMjAlMjAlMjAlMjAlMjAlMjAlM0MlMkZkaXYlM0UlMEElMjAlMjAlMjAlMjAlMjAlMjAlMjAlMjAlM0NkaXYlMjBjbGFzcyUzRCUyMmdyaWRDb2x1bW4lMjIlM0UlMEElMjAlMjAlMjAlMjAlMjAlMjAlMjAlMjAlMjAlMjAlMjAlMjAlM0NwJTNFRGllJTIwYnJlaXRlJTIwUGFsZXR0ZSUyMGFuJTIwRm9ybWF0ZW4lMkMlMjBGYXJiZW4lMjB1bmQlMjBTdHJ1a3R1cmVuJTIwdm9uJTIwTWluZXJhbHppZWdlbG4lMjBlcm0lQzMlQjZnbGljaHQlMjBpaHJlbiUyMEVpbnNhdHolMjBzb3dvaGwlMjBmJUMzJUJDciUyMGRpZSUyMEF1c2YlQzMlQkNocnVuZyUyMHZvbiUyMEZhc3NhZGVuJTIwYXVzJTIwS2xpbmtlciUyMGluJTIwbW9kZXJuZW4lMjBPYmpla3RlbiUyQyUyMGFscyUyMGF1Y2glMjBiZWklMjBkZXIlMjBSZW5vdmllcnVuZyUyMGJlcmVpdHMlMjBiZXN0ZWhlbmRlciUyMEdlYiVDMyVBNHVkZSUyQyUyMHVtJTIwZGllc2VuJTIwZWluJTIwbmV1ZXMlMkMlMjBlaW56aWdhcnRpZ2VzJTIwQXVzc2VoZW4lMjB6dSUyMHZlcmxlaWhlbi4lM0MlMkZwJTNFJTBBJTIwJTIwJTIwJTIwJTIwJTIwJTIwJTIwJTNDJTJGZGl2JTNFJTBBJTIwJTIwJTIwJTIwJTNDJTJGZGl2JTNFJTBBJTNDJTJGZGl2JTNFJTBBJTBBJTNDZGl2JTIwaWQlM0QlMjJ0YWJUaHJlZSUyMiUyMGNsYXNzJTNEJTIydGFiY29udGVudCUyMiUzRSUwQSUyMCUyMCUyMCUyMCUzQ2gyJTNFRkFTU0FERSUyMEFVUyUyME5BVFVSU1RFSU4lM0MlMkZoMiUzRSUwQSUyMCUyMCUyMCUyMCUzQ2RpdiUyMGNsYXNzJTNEJTIydGFiR3JpZCUyMiUzRSUwQSUyMCUyMCUyMCUyMCUyMCUyMCUyMCUyMCUzQ2RpdiUyMGNsYXNzJTNEJTIyZ3JpZENvbHVtbiUyMiUzRSUwQSUyMCUyMCUyMCUyMCUyMCUyMCUyMCUyMCUyMCUyMCUyMCUyMCUzQ3AlM0VEaWUlMjBWb3J6JUMzJUJDZ2UlMjB2b24lMjBOYXR1cnN0ZWluJTIwd2VyZGVuJTIwc2VpdCUyMEphaHJodW5kZXJ0ZW4lMjB2b24lMjBBcmNoaXRla3RlbiUyMHVuZCUyMEluZ2VuaWV1cmVuJTIwZ2VudXR6dC4lMjBOYXQlQzMlQkNybGljaGUlMjBGYXJiZSUyQyUyMExhbmdsZWJpZ2tlaXQlMjBzb3dpZSUyMGVpbmZhY2hlJTIwVmVyZiVDMyVCQ2diYXJrZWl0JTIwc2luZCUyMGRpZSUyMHdpY2h0aWdzdGVuJTIwVm9ydGVpbGUlMkMlMjBkYW5rJTIwZGVuZW4lMjBkaWVzZXIlMjBzbyUyMGglQzMlQTR1ZmlnJTIwYWxzJTIwTWF0ZXJpYWwlMjBmJUMzJUJDciUyMGRpZSUyMEF1c2YlQzMlQkNocnVuZyUyMGxhbmdsZWJpZ2VyJTIwRmFzc2FkZW4lMjBnZXclQzMlQTRobHQlMjB3aXJkLiUzQyUyRnAlM0UlMEElMjAlMjAlMjAlMjAlMjAlMjAlMjAlMjAlM0MlMkZkaXYlM0UlMEElMjAlMjAlMjAlMjAlMjAlMjAlMjAlMjAlM0NkaXYlMjBjbGFzcyUzRCUyMmdyaWRDb2x1bW4lMjIlM0UlMEElMjAlMjAlMjAlMjAlMjAlMjAlMjAlMjAlMjAlMjAlMjAlMjAlM0NwJTNFRGFzJTIwYnJlaXRlJTIwQW5nZWJvdCUyMGRlciUyME1vbnRhZ2V2ZXJiaW5kdW5nZW4lMjB1bmQlMjBkaWUlMjBNJUMzJUI2Z2xpY2hrZWl0JTIwZGVyJTIwUGxhbnVuZyUyMHZvbiUyMEJlZmVzdGlndW5nZW4lMjBpbiUyMFNvbmRlcmF1c2YlQzMlQkNocnVuZyUyQyUyMGVybGF1YmVuJTIwdW5zJTIwZGllJTIwTGllZmVydW5nJTIwdW5kJTIwZGFzJTIwQW5nZWJvdCUyMHZvbiUyMEwlQzMlQjZzdW5nZW4lMkMlMjBkaWUlMjBzZWxic3QlMjBrb21wbGl6aWVydGVzdGUlMjBGb3JtZW4lMjB2b24lMjBTdGVpbmZhc3NhZGVuJTIwbSVDMyVCNmdsaWNoJTIwbWFjaGVuLiUyMCUzQyUyRnAlM0UlMEElMjAlMjAlMjAlMjAlMjAlMjAlMjAlMjAlM0MlMkZkaXYlM0UlMEElMjAlMjAlMjAlMjAlM0MlMkZkaXYlM0UlMEElM0MlMkZkaXYlM0UlMEElM0MlMkZkaXYlM0U=[\/vc_raw_html][\/vc_column][\/vc_row][vc_row full_width=&#8220;stretch_row&#8220; css=&#8220;.vc_custom_1622018837451{margin-top: 100px !important;padding-top: 25px !important;padding-bottom: 50px !important;background-color: #f3f3f3 !important;}&#8220; el_id=&#8220;section2Office&#8220;][vc_column][vc_column_text css=&#8220;.vc_custom_1636987868574{margin-bottom: 25px !important;}&#8220; el_class=&#8220;sectionTitle&#8220;]<\/p>\n<h2>PROJEKTEN<\/h2>\n<p>[\/vc_column_text][vc_row_inner el_class=&#8220;projectGallery&#8220;][vc_column_inner width=&#8220;1\/3&#8243;][vc_column_text css=&#8220;.vc_custom_1636987498717{padding-bottom: 10px !important;}&#8220;]<a class=\"projectTitle\" href=\"\/de\/digital-hub-industry\/\">Fassade aus Klinker<\/a>[\/vc_column_text][vc_single_image image=&#8220;453&#8243; img_size=&#8220;full&#8220; alignment=&#8220;center&#8220; onclick=&#8220;custom_link&#8220; css=&#8220;.vc_custom_1634568734241{margin-bottom: 30px !important;}&#8220; link=&#8220;\/de\/digital-hub-industry\/&#8220;][vc_column_text]Projekt: Digital Hub Industry<\/p>\n<p><a href=\"\/de\/digital-hub-industry\/\">Siehe das Projekt<\/a>[\/vc_column_text][\/vc_column_inner][vc_column_inner width=&#8220;1\/3&#8243;][vc_column_text css=&#8220;.vc_custom_1636987503374{padding-bottom: 10px !important;}&#8220;]<a class=\"projectTitle\" href=\"\/de\/vereinigte-stadtwerke\/\">Fassade aus Klinker<\/a>[\/vc_column_text][vc_single_image image=&#8220;361&#8243; img_size=&#8220;full&#8220; alignment=&#8220;center&#8220; onclick=&#8220;custom_link&#8220; css=&#8220;.vc_custom_1634568780190{margin-bottom: 30px !important;}&#8220; link=&#8220;\/de\/vereinigte-stadtwerke\/&#8220;][vc_column_text]Projekt: Vereinigte Stadtwerke<\/p>\n<p><a href=\"\/de\/vereinigte-stadtwerke\/\">Siehe das Projekt<\/a>[\/vc_column_text][\/vc_column_inner][vc_column_inner width=&#8220;1\/3&#8243;][vc_column_text css=&#8220;.vc_custom_1636987507651{padding-bottom: 10px !important;}&#8220;]<a class=\"projectTitle\" href=\"\/de\/fraunhofer-center\/\">Fassade aus Klinker<\/a>[\/vc_column_text][vc_single_image image=&#8220;369&#8243; img_size=&#8220;full&#8220; alignment=&#8220;center&#8220; onclick=&#8220;custom_link&#8220; css=&#8220;.vc_custom_1632824615110{margin-bottom: 30px !important;}&#8220; link=&#8220;\/simconn\/fraunhofer-center\/&#8220;][vc_column_text]Projekt: Fraunhofer-Center<\/p>\n<p><a href=\"\/de\/fraunhofer-center\/\">Siehe das Projekt<\/a>[\/vc_column_text][\/vc_column_inner][\/vc_row_inner][\/vc_column][\/vc_row]<\/p>\n<\/div>","protected":false},"excerpt":{"rendered":"<p>[vc_row css=&#8220;.vc_custom_1633096625112{margin-top: 11vh !important;}&#8220;][vc_column][vc_column_text el_class=&#8220;sectionTitle&#8220;] FASSADEN [\/vc_column_text][\/vc_column][\/vc_row][vc_row css=&#8220;.vc_custom_1633096942962{margin-top: 80px !important;}&#8220;][vc_column width=&#8220;1\/2&#8243;][vc_column_text]Unabh\u00e4ngig von der Art des f\u00fcr die Ausf\u00fchrung der Fassade gew\u00e4hlten Materials, kann diese eine Vielfalt an Formen und Gestalten annehmen. Das ist dank dem Einsatz von Materialien m\u00f6glich, die [&hellip;]<\/p>\n","protected":false},"author":1,"featured_media":0,"parent":0,"menu_order":0,"comment_status":"closed","ping_status":"open","template":"","meta":{"footnotes":""},"class_list":["post-73","page","type-page","status-publish","hentry"],"yoast_head":"<!-- This site is optimized with the Yoast SEO plugin v26.8 - https:\/\/yoast.com\/product\/yoast-seo-wordpress\/ -->\n<title>Fassaden - Simconn<\/title>\n<meta name=\"robots\" content=\"index, follow, max-snippet:-1, max-image-preview:large, max-video-preview:-1\" \/>\n<link rel=\"canonical\" href=\"https:\/\/simconn.com\/de\/fassaden\/\" \/>\n<meta property=\"og:locale\" content=\"de_DE\" \/>\n<meta property=\"og:type\" content=\"article\" \/>\n<meta property=\"og:title\" content=\"Fassaden - Simconn\" \/>\n<meta property=\"og:description\" content=\"[vc_row css=&#8220;.vc_custom_1633096625112{margin-top: 11vh !important;}&#8220;][vc_column][vc_column_text el_class=&#8220;sectionTitle&#8220;] FASSADEN [\/vc_column_text][\/vc_column][\/vc_row][vc_row css=&#8220;.vc_custom_1633096942962{margin-top: 80px !important;}&#8220;][vc_column width=&#8220;1\/2&#8243;][vc_column_text]Unabh\u00e4ngig von der Art des f\u00fcr die Ausf\u00fchrung der Fassade gew\u00e4hlten Materials, kann diese eine Vielfalt an Formen und Gestalten annehmen. Das ist dank dem Einsatz von Materialien m\u00f6glich, die [&hellip;]\" \/>\n<meta property=\"og:url\" content=\"https:\/\/simconn.com\/de\/fassaden\/\" \/>\n<meta property=\"og:site_name\" content=\"Simconn\" \/>\n<meta property=\"article:modified_time\" content=\"2021-11-15T14:51:10+00:00\" \/>\n<meta name=\"twitter:card\" content=\"summary_large_image\" \/>\n<meta name=\"twitter:label1\" content=\"Gesch\u00e4tzte Lesezeit\" \/>\n\t<meta name=\"twitter:data1\" content=\"2\u00a0Minuten\" \/>\n<script type=\"application\/ld+json\" class=\"yoast-schema-graph\">{\"@context\":\"https:\/\/schema.org\",\"@graph\":[{\"@type\":\"WebPage\",\"@id\":\"https:\/\/simconn.com\/de\/fassaden\/\",\"url\":\"https:\/\/simconn.com\/de\/fassaden\/\",\"name\":\"Fassaden - Simconn\",\"isPartOf\":{\"@id\":\"https:\/\/simconn.com\/de\/#website\"},\"datePublished\":\"2021-05-24T13:17:22+00:00\",\"dateModified\":\"2021-11-15T14:51:10+00:00\",\"breadcrumb\":{\"@id\":\"https:\/\/simconn.com\/de\/fassaden\/#breadcrumb\"},\"inLanguage\":\"de\",\"potentialAction\":[{\"@type\":\"ReadAction\",\"target\":[\"https:\/\/simconn.com\/de\/fassaden\/\"]}]},{\"@type\":\"BreadcrumbList\",\"@id\":\"https:\/\/simconn.com\/de\/fassaden\/#breadcrumb\",\"itemListElement\":[{\"@type\":\"ListItem\",\"position\":1,\"name\":\"Startseite\",\"item\":\"https:\/\/simconn.com\/de\/\"},{\"@type\":\"ListItem\",\"position\":2,\"name\":\"Fassaden\"}]},{\"@type\":\"WebSite\",\"@id\":\"https:\/\/simconn.com\/de\/#website\",\"url\":\"https:\/\/simconn.com\/de\/\",\"name\":\"Simconn\",\"description\":\"\",\"potentialAction\":[{\"@type\":\"SearchAction\",\"target\":{\"@type\":\"EntryPoint\",\"urlTemplate\":\"https:\/\/simconn.com\/de\/?s={search_term_string}\"},\"query-input\":{\"@type\":\"PropertyValueSpecification\",\"valueRequired\":true,\"valueName\":\"search_term_string\"}}],\"inLanguage\":\"de\"}]}<\/script>\n<!-- \/ Yoast SEO plugin. -->","yoast_head_json":{"title":"Fassaden - Simconn","robots":{"index":"index","follow":"follow","max-snippet":"max-snippet:-1","max-image-preview":"max-image-preview:large","max-video-preview":"max-video-preview:-1"},"canonical":"https:\/\/simconn.com\/de\/fassaden\/","og_locale":"de_DE","og_type":"article","og_title":"Fassaden - Simconn","og_description":"[vc_row css=&#8220;.vc_custom_1633096625112{margin-top: 11vh !important;}&#8220;][vc_column][vc_column_text el_class=&#8220;sectionTitle&#8220;] FASSADEN [\/vc_column_text][\/vc_column][\/vc_row][vc_row css=&#8220;.vc_custom_1633096942962{margin-top: 80px !important;}&#8220;][vc_column width=&#8220;1\/2&#8243;][vc_column_text]Unabh\u00e4ngig von der Art des f\u00fcr die Ausf\u00fchrung der Fassade gew\u00e4hlten Materials, kann diese eine Vielfalt an Formen und Gestalten annehmen. Das ist dank dem Einsatz von Materialien m\u00f6glich, die [&hellip;]","og_url":"https:\/\/simconn.com\/de\/fassaden\/","og_site_name":"Simconn","article_modified_time":"2021-11-15T14:51:10+00:00","twitter_card":"summary_large_image","twitter_misc":{"Gesch\u00e4tzte Lesezeit":"2\u00a0Minuten"},"schema":{"@context":"https:\/\/schema.org","@graph":[{"@type":"WebPage","@id":"https:\/\/simconn.com\/de\/fassaden\/","url":"https:\/\/simconn.com\/de\/fassaden\/","name":"Fassaden - Simconn","isPartOf":{"@id":"https:\/\/simconn.com\/de\/#website"},"datePublished":"2021-05-24T13:17:22+00:00","dateModified":"2021-11-15T14:51:10+00:00","breadcrumb":{"@id":"https:\/\/simconn.com\/de\/fassaden\/#breadcrumb"},"inLanguage":"de","potentialAction":[{"@type":"ReadAction","target":["https:\/\/simconn.com\/de\/fassaden\/"]}]},{"@type":"BreadcrumbList","@id":"https:\/\/simconn.com\/de\/fassaden\/#breadcrumb","itemListElement":[{"@type":"ListItem","position":1,"name":"Startseite","item":"https:\/\/simconn.com\/de\/"},{"@type":"ListItem","position":2,"name":"Fassaden"}]},{"@type":"WebSite","@id":"https:\/\/simconn.com\/de\/#website","url":"https:\/\/simconn.com\/de\/","name":"Simconn","description":"","potentialAction":[{"@type":"SearchAction","target":{"@type":"EntryPoint","urlTemplate":"https:\/\/simconn.com\/de\/?s={search_term_string}"},"query-input":{"@type":"PropertyValueSpecification","valueRequired":true,"valueName":"search_term_string"}}],"inLanguage":"de"}]}},"_links":{"self":[{"href":"https:\/\/simconn.com\/de\/wp-json\/wp\/v2\/pages\/73","targetHints":{"allow":["GET"]}}],"collection":[{"href":"https:\/\/simconn.com\/de\/wp-json\/wp\/v2\/pages"}],"about":[{"href":"https:\/\/simconn.com\/de\/wp-json\/wp\/v2\/types\/page"}],"author":[{"embeddable":true,"href":"https:\/\/simconn.com\/de\/wp-json\/wp\/v2\/users\/1"}],"replies":[{"embeddable":true,"href":"https:\/\/simconn.com\/de\/wp-json\/wp\/v2\/comments?post=73"}],"version-history":[{"count":55,"href":"https:\/\/simconn.com\/de\/wp-json\/wp\/v2\/pages\/73\/revisions"}],"predecessor-version":[{"id":576,"href":"https:\/\/simconn.com\/de\/wp-json\/wp\/v2\/pages\/73\/revisions\/576"}],"wp:attachment":[{"href":"https:\/\/simconn.com\/de\/wp-json\/wp\/v2\/media?parent=73"}],"curies":[{"name":"wp","href":"https:\/\/api.w.org\/{rel}","templated":true}]}}